{"id":14454,"date":"2020-03-23T18:03:15","date_gmt":"2020-03-23T16:03:15","guid":{"rendered":"https:\/\/factorialhr.com\/blog\/?page_id=14454"},"modified":"2022-03-03T16:28:10","modified_gmt":"2022-03-03T14:28:10","slug":"meldungen-coronavirus-personal","status":"publish","type":"page","link":"https:\/\/factorialhr.de\/blog\/meldungen-coronavirus-personal\/","title":{"rendered":"Coronavirus aktuelle Meldungen: Auswirkung auf Unternehmen und HR"},"content":{"rendered":"<p><span style=\"font-weight: 400;\">F\u00fcr uns alle ist es noch unklar, wie sich die vom Coronavirus oder COVID-19 abgeleitete Krisensituation entwickelt. Daher h\u00e4ngt auch von den aktuellen Nachrichten ab, welche Entscheidungen Unternehmen treffen, und wie die Personalabteilungen es schaffen k\u00f6nnen, alles rechtzeitig und bestm\u00f6glich zu verwalten.<\/span><\/p>\n<p><span style=\"font-weight: 400;\">Als Unternehmen, das sich dem Personalmanagement widmet, m\u00f6chten wir allen Verantwortlichen dieser Branche helfen, diese Herausforderung zu bew\u00e4ltigen. Deshalb arbeitet unser Team st\u00e4ndig daran neue Inhalte und Ressourcen bereitzustellen, die dazu beitragen k\u00f6nnen, sich schnellst- und bestm\u00f6glich auf die Umstellungen vorzubereiten, die Personalleiter und Unternehmen entgegensehen.<\/span><\/p>\n<h2>Hilfsmittel f\u00fcr die Umstellung auf Home-Office:<\/h2>\n<ul>\n<li style=\"font-weight: 400;\"><span style=\"font-weight: 400;\">Nutzen Sie unsere Zeiterfassungssoftware, um auch auf Entfernung ein- und auszustempeln &#8211; <a href=\"https:\/\/factorialhr.de\/arbeitszeiterfassung-anmeldung\" target=\"_blank\" rel=\"noopener noreferrer\">Mehr Erfahren<\/a><\/span><\/li>\n<li style=\"font-weight: 400;\"><span style=\"font-weight: 400;\">22 Tools, die Ihr Home-Office optimieren k\u00f6nnen &#8211; <a href=\"https:\/\/factorialhr.de\/blog\/tools-home-office-optimieren\/\" target=\"_blank\" rel=\"noopener noreferrer\">Mehr Lesen<\/a><\/span><\/li>\n<li>Coronavirus Pr\u00e4vention: Was Personaler wissen m\u00fcssen &#8211; <a href=\"https:\/\/factorialhr.de\/blog\/coronavirus-praevention-personal\/\" target=\"_blank\" rel=\"noopener noreferrer\">Mehr Lesen<\/a><\/li>\n<li style=\"font-weight: 400;\"><span style=\"font-weight: 400;\">Nutzen Sie die kostenlose und unbegrenzte Testphase von Factorial &#8211; <a href=\"https:\/\/factorialhr.de\/get-started\" target=\"_blank\" rel=\"noopener noreferrer\">Mehr Informationen<\/a><\/span><\/li>\n<\/ul>\n<p><span style=\"font-weight: 400;\">Jede Minute z\u00e4hlt, wenn es um die Risikoplanung am Arbeitsplatz und den Schutz der Belegschaft (Arbeitnehmer sind das wichtigste Kapital!) und um den Wohlstand des Unternehmens geht. Aus diesem Grund haben wir diese Seite mit den neuesten Nachrichten der Personalbranche f\u00fcr Sie vorbereitet.<\/span><\/p>\n<h2>Aktuelle Meldungen \u00fcber die Auswirkungen des Coronavirus auf Unternehmen und Personalabteilungen:<\/h2>\n<div id=\"arena-live\" data-publisher=\"factorial-hr\" data-event=\"iilg\" data-version=\"2\"><\/div>\n<p><script src=\"https:\/\/go.arena.im\/public\/js\/arenalib.js?p=factorial-hr&#038;e=iilg\"><\/script><\/p>\n","protected":false},"excerpt":{"rendered":"<p>F\u00fcr uns alle ist es noch unklar, wie sich die vom Coronavirus oder COVID-19 abgeleitete Krisensituation entwickelt. Daher h\u00e4ngt auch von den aktuellen Nachrichten ab, welche Entscheidungen Unternehmen treffen, und wie die Personalabteilungen es schaffen k\u00f6nnen, alles rechtzeitig und bestm\u00f6glich zu verwalten. Als Unternehmen, das sich dem Personalmanagement widmet, m\u00f6chten wir allen Verantwortlichen dieser Branche<a href=\"https:\/\/factorialhr.de\/blog\/meldungen-coronavirus-personal\/\" class=\"read-more\"> [&#8230;]<\/a><\/p>\n","protected":false},"author":136,"featured_media":0,"parent":0,"menu_order":0,"comment_status":"closed","ping_status":"closed","template":"","meta":{"_acf_changed":false,"footnotes":""},"class_list":["post-14454","page","type-page","status-publish","hentry"],"acf":[],"yoast_head":"<!-- This site is optimized with the Yoast SEO Premium plugin v21.5 (Yoast SEO v21.9.1) - https:\/\/yoast.com\/wordpress\/plugins\/seo\/ -->\n<title>Coronavirus: aktuelle Meldungen zu Personal und Unternehmen<\/title>\n<meta name=\"description\" content=\"Bleiben Sie auf dem neusten Stand zum Coronavirus und wie Unternehmen und Personalmanager in Deutschland betroffen sind.\" \/>\n<meta name=\"robots\" content=\"index, follow, max-snippet:-1, max-image-preview:large, max-video-preview:-1\" \/>\n<link rel=\"canonical\" href=\"https:\/\/factorialhr.de\/blog\/meldungen-coronavirus-personal\/\" \/>\n<meta property=\"og:locale\" content=\"de_DE\" \/>\n<meta property=\"og:type\" content=\"article\" \/>\n<meta property=\"og:title\" content=\"Coronavirus aktuelle Meldungen: Auswirkung auf Unternehmen und HR\" \/>\n<meta property=\"og:description\" content=\"Bleiben Sie auf dem neusten Stand zum Coronavirus und wie Unternehmen und Personalmanager in Deutschland betroffen sind.\" \/>\n<meta property=\"og:url\" content=\"https:\/\/factorialhr.de\/blog\/meldungen-coronavirus-personal\/\" \/>\n<meta property=\"og:site_name\" content=\"Factorial\" \/>\n<meta property=\"article:publisher\" content=\"https:\/\/www.facebook.com\/people\/Factorial\/100064908455810\/\" \/>\n<meta property=\"article:modified_time\" content=\"2022-03-03T14:28:10+00:00\" \/>\n<meta name=\"twitter:card\" content=\"summary_large_image\" \/>\n<meta name=\"twitter:site\" content=\"@factorialapp\" \/>\n<meta name=\"twitter:label1\" content=\"Est. reading time\" \/>\n\t<meta name=\"twitter:data1\" content=\"1 Minute\" \/>\n<script type=\"application\/ld+json\" class=\"yoast-schema-graph\">{\"@context\":\"https:\/\/schema.org\",\"@graph\":[{\"@type\":\"WebPage\",\"@id\":\"https:\/\/factorialhr.de\/blog\/meldungen-coronavirus-personal\/\",\"url\":\"https:\/\/factorialhr.de\/blog\/meldungen-coronavirus-personal\/\",\"name\":\"Coronavirus: aktuelle Meldungen zu Personal und Unternehmen\",\"isPartOf\":{\"@id\":\"https:\/\/factorialhr.de\/blog\/#website\"},\"datePublished\":\"2020-03-23T16:03:15+00:00\",\"dateModified\":\"2022-03-03T14:28:10+00:00\",\"description\":\"Bleiben Sie auf dem neusten Stand zum Coronavirus und wie Unternehmen und Personalmanager in Deutschland betroffen sind.\",\"inLanguage\":\"de-DE\",\"potentialAction\":[{\"@type\":\"ReadAction\",\"target\":[\"https:\/\/factorialhr.de\/blog\/meldungen-coronavirus-personal\/\"]}]},{\"@type\":\"WebSite\",\"@id\":\"https:\/\/factorialhr.de\/blog\/#website\",\"url\":\"https:\/\/factorialhr.de\/blog\/\",\"name\":\"Factorial\",\"description\":\"\",\"publisher\":{\"@id\":\"https:\/\/factorialhr.de\/blog\/#organization\"},\"potentialAction\":[{\"@type\":\"SearchAction\",\"target\":{\"@type\":\"EntryPoint\",\"urlTemplate\":\"https:\/\/factorialhr.de\/blog\/?s={search_term_string}\"},\"query-input\":\"required name=search_term_string\"}],\"inLanguage\":\"de-DE\"},{\"@type\":\"Organization\",\"@id\":\"https:\/\/factorialhr.de\/blog\/#organization\",\"name\":\"All-in-one business management software - Factorial\",\"url\":\"https:\/\/factorialhr.de\/blog\/\",\"logo\":{\"@type\":\"ImageObject\",\"inLanguage\":\"de-DE\",\"@id\":\"https:\/\/factorialhr.de\/blog\/#\/schema\/logo\/image\/\",\"url\":\"https:\/\/factorialhr.de\/wp-content\/uploads\/2023\/07\/18155144\/factorial-logo.png\",\"contentUrl\":\"https:\/\/factorialhr.de\/wp-content\/uploads\/2023\/07\/18155144\/factorial-logo.png\",\"width\":946,\"height\":880,\"caption\":\"All-in-one business management software - Factorial\"},\"image\":{\"@id\":\"https:\/\/factorialhr.de\/blog\/#\/schema\/logo\/image\/\"},\"sameAs\":[\"https:\/\/www.facebook.com\/people\/Factorial\/100064908455810\/\",\"https:\/\/twitter.com\/factorialapp\",\"https:\/\/www.linkedin.com\/company\/factorialhr\",\"https:\/\/www.youtube.com\/@factorialmedia\",\"https:\/\/www.instagram.com\/factorial\/#\"]}]}<\/script>\n<!-- \/ Yoast SEO Premium plugin. -->","yoast_head_json":{"title":"Coronavirus: aktuelle Meldungen zu Personal und Unternehmen","description":"Bleiben Sie auf dem neusten Stand zum Coronavirus und wie Unternehmen und Personalmanager in Deutschland betroffen sind.","robots":{"index":"index","follow":"follow","max-snippet":"max-snippet:-1","max-image-preview":"max-image-preview:large","max-video-preview":"max-video-preview:-1"},"canonical":"https:\/\/factorialhr.de\/blog\/meldungen-coronavirus-personal\/","og_locale":"de_DE","og_type":"article","og_title":"Coronavirus aktuelle Meldungen: Auswirkung auf Unternehmen und HR","og_description":"Bleiben Sie auf dem neusten Stand zum Coronavirus und wie Unternehmen und Personalmanager in Deutschland betroffen sind.","og_url":"https:\/\/factorialhr.de\/blog\/meldungen-coronavirus-personal\/","og_site_name":"Factorial","article_publisher":"https:\/\/www.facebook.com\/people\/Factorial\/100064908455810\/","article_modified_time":"2022-03-03T14:28:10+00:00","twitter_card":"summary_large_image","twitter_site":"@factorialapp","twitter_misc":{"Est. reading time":"1 Minute"},"schema":{"@context":"https:\/\/schema.org","@graph":[{"@type":"WebPage","@id":"https:\/\/factorialhr.de\/blog\/meldungen-coronavirus-personal\/","url":"https:\/\/factorialhr.de\/blog\/meldungen-coronavirus-personal\/","name":"Coronavirus: aktuelle Meldungen zu Personal und Unternehmen","isPartOf":{"@id":"https:\/\/factorialhr.de\/blog\/#website"},"datePublished":"2020-03-23T16:03:15+00:00","dateModified":"2022-03-03T14:28:10+00:00","description":"Bleiben Sie auf dem neusten Stand zum Coronavirus und wie Unternehmen und Personalmanager in Deutschland betroffen sind.","inLanguage":"de-DE","potentialAction":[{"@type":"ReadAction","target":["https:\/\/factorialhr.de\/blog\/meldungen-coronavirus-personal\/"]}]},{"@type":"WebSite","@id":"https:\/\/factorialhr.de\/blog\/#website","url":"https:\/\/factorialhr.de\/blog\/","name":"Factorial","description":"","publisher":{"@id":"https:\/\/factorialhr.de\/blog\/#organization"},"potentialAction":[{"@type":"SearchAction","target":{"@type":"EntryPoint","urlTemplate":"https:\/\/factorialhr.de\/blog\/?s={search_term_string}"},"query-input":"required name=search_term_string"}],"inLanguage":"de-DE"},{"@type":"Organization","@id":"https:\/\/factorialhr.de\/blog\/#organization","name":"All-in-one business management software - Factorial","url":"https:\/\/factorialhr.de\/blog\/","logo":{"@type":"ImageObject","inLanguage":"de-DE","@id":"https:\/\/factorialhr.de\/blog\/#\/schema\/logo\/image\/","url":"https:\/\/factorialhr.de\/wp-content\/uploads\/2023\/07\/18155144\/factorial-logo.png","contentUrl":"https:\/\/factorialhr.de\/wp-content\/uploads\/2023\/07\/18155144\/factorial-logo.png","width":946,"height":880,"caption":"All-in-one business management software - Factorial"},"image":{"@id":"https:\/\/factorialhr.de\/blog\/#\/schema\/logo\/image\/"},"sameAs":["https:\/\/www.facebook.com\/people\/Factorial\/100064908455810\/","https:\/\/twitter.com\/factorialapp","https:\/\/www.linkedin.com\/company\/factorialhr","https:\/\/www.youtube.com\/@factorialmedia","https:\/\/www.instagram.com\/factorial\/#"]}]}},"_links":{"self":[{"href":"https:\/\/factorialhr.de\/blog\/wp-json\/wp\/v2\/pages\/14454"}],"collection":[{"href":"https:\/\/factorialhr.de\/blog\/wp-json\/wp\/v2\/pages"}],"about":[{"href":"https:\/\/factorialhr.de\/blog\/wp-json\/wp\/v2\/types\/page"}],"author":[{"embeddable":true,"href":"https:\/\/factorialhr.de\/blog\/wp-json\/wp\/v2\/users\/136"}],"replies":[{"embeddable":true,"href":"https:\/\/factorialhr.de\/blog\/wp-json\/wp\/v2\/comments?post=14454"}],"version-history":[{"count":15,"href":"https:\/\/factorialhr.de\/blog\/wp-json\/wp\/v2\/pages\/14454\/revisions"}],"predecessor-version":[{"id":68229,"href":"https:\/\/factorialhr.de\/blog\/wp-json\/wp\/v2\/pages\/14454\/revisions\/68229"}],"wp:attachment":[{"href":"https:\/\/factorialhr.de\/blog\/wp-json\/wp\/v2\/media?parent=14454"}],"curies":[{"name":"wp","href":"https:\/\/api.w.org\/{rel}","templated":true}]}}