{"id":26930,"date":"2020-08-07T18:31:16","date_gmt":"2020-08-07T16:31:16","guid":{"rendered":"https:\/\/factorialhr.com\/blog\/?page_id=26930"},"modified":"2023-05-18T15:08:31","modified_gmt":"2023-05-18T13:08:31","slug":"hr-templates-vorlagen","status":"publish","type":"page","link":"https:\/\/factorialhr.de\/blog\/hr-templates-vorlagen\/","title":{"rendered":"Kostenlose Downloads und HR Vorlagen f\u00fcr Ihr Unternehmen"},"content":{"rendered":"<p>Ben\u00f6tigen Sie eine L\u00f6sung zur Verwaltung der Abwesenheiten und Urlaube Ihrer Mitarbeiter? Oder suchen Sie ein Hilfsmittel, das Ihnen hilft, Ihre HR KPIs zu erreichen? Wie auch immer, wir haben f\u00fcr Sie das Richtige. <strong>Dieser Abschnitt des Blogs ist allen von uns angebotenen Gratisangeboten und HR-Vorlagen gewidmet.<\/strong> Unser Ziel ist es, Personalmanagern bei der Vereinfachung ihrer HR-Prozesse zu unterst\u00fctzen.<\/p>\n<p>Sie finden hier unter anderem einen\u00a0 Urlaubspaner, mit dem Sie die Abwesenheiten Ihrer Mitarbeiter organisieren k\u00f6nnen, Checklisten, damit Sie nichts Wesentliches vergessen, wenn Sie einen neuen Mitarbeiter an Bord nehmen, oder Stundenzettel in verschiedenen Formaten und vieles mehr!<\/p>\n<table style=\"height: 96px; width: 100%; border-collapse: collapse; border-color: #ffffff, background-color: #ffffff;\">\n<tbody>\n<tr style=\"height: 24px;\">\n<td style=\"width: 49.9323%; height: 24px;\">&nbsp;<\/p>\n<p><img decoding=\"async\" class=\"alignnone wp-image-26944 aligncenter\" src=\"https:\/\/factorialhr.de\/wp-content\/uploads\/2020\/08\/07173943\/manual-300x300.png\" alt=\"\" width=\"138\" height=\"138\" srcset=\"https:\/\/factorialhr.de\/wp-content\/uploads\/2020\/08\/07173943\/manual-300x300.png 300w, https:\/\/factorialhr.de\/wp-content\/uploads\/2020\/08\/07173943\/manual-150x150.png 150w, https:\/\/factorialhr.de\/wp-content\/uploads\/2020\/08\/07173943\/manual.png 512w\" sizes=\"(max-width: 138px) 100vw, 138px\" \/><\/p>\n<p style=\"text-align: center;\"><a href=\"https:\/\/factorialhr.de\/blog\/dowload-mitarbeiterhandbuch-vorlage\/\"><strong>Mitarbeiterhandbuch<\/strong><\/a><\/p>\n<\/td>\n<td style=\"width: 49.9323%; height: 24px;\">&nbsp;<\/p>\n<p><img decoding=\"async\" class=\"alignnone wp-image-26947 aligncenter\" src=\"https:\/\/factorialhr.de\/wp-content\/uploads\/2020\/08\/07173946\/calendario-1-300x300.png\" alt=\"\" width=\"139\" height=\"139\" srcset=\"https:\/\/factorialhr.de\/wp-content\/uploads\/2020\/08\/07173946\/calendario-1-300x300.png 300w, https:\/\/factorialhr.de\/wp-content\/uploads\/2020\/08\/07173946\/calendario-1-150x150.png 150w, https:\/\/factorialhr.de\/wp-content\/uploads\/2020\/08\/07173946\/calendario-1.png 512w\" sizes=\"(max-width: 139px) 100vw, 139px\" \/><\/p>\n<p style=\"text-align: center;\"><a href=\"https:\/\/factorialhr.de\/blog\/download-urlaubsplaner-vorlage\/\"><strong>Mitarbeiter Urlaubsplaner 2020<\/strong><\/a><\/p>\n<\/td>\n<\/tr>\n<tr style=\"height: 24px;\">\n<td style=\"width: 49.9323%; height: 24px;\">&nbsp;<\/p>\n<p><img decoding=\"async\" class=\"alignnone wp-image-26948 aligncenter\" src=\"https:\/\/factorialhr.de\/wp-content\/uploads\/2020\/08\/07173947\/hora-300x300.png\" alt=\"\" width=\"132\" height=\"132\" srcset=\"https:\/\/factorialhr.de\/wp-content\/uploads\/2020\/08\/07173947\/hora-300x300.png 300w, https:\/\/factorialhr.de\/wp-content\/uploads\/2020\/08\/07173947\/hora-150x150.png 150w, https:\/\/factorialhr.de\/wp-content\/uploads\/2020\/08\/07173947\/hora.png 512w\" sizes=\"(max-width: 132px) 100vw, 132px\" \/><\/p>\n<p style=\"text-align: center;\"><a href=\"https:\/\/factorialhr.de\/blog\/stundenzettel-zum-ausdrucken\/\"><strong>Stundenzettel zum Ausdrucken<\/strong><\/a><\/p>\n<\/td>\n<td style=\"width: 49.9323%; height: 24px;\">&nbsp;<\/p>\n<p><img decoding=\"async\" class=\"wp-image-26966 aligncenter\" src=\"https:\/\/factorialhr.de\/wp-content\/uploads\/2020\/08\/07184303\/estadisticas-300x300.png\" alt=\"\" width=\"134\" height=\"134\" srcset=\"https:\/\/factorialhr.de\/wp-content\/uploads\/2020\/08\/07184303\/estadisticas-300x300.png 300w, https:\/\/factorialhr.de\/wp-content\/uploads\/2020\/08\/07184303\/estadisticas-150x150.png 150w, https:\/\/factorialhr.de\/wp-content\/uploads\/2020\/08\/07184303\/estadisticas.png 512w\" sizes=\"(max-width: 134px) 100vw, 134px\" \/><\/p>\n<p style=\"text-align: center;\"><a href=\"https:\/\/factorialhr.de\/blog\/arbeitszeiterfassung-mit-excel\/\"><strong>Arbeitszeiterfassung in Excel<\/strong><\/a><\/p>\n<\/td>\n<\/tr>\n<tr style=\"height: 24px;\">\n<td style=\"width: 49.9323%; height: 24px; text-align: center;\">&nbsp;<\/p>\n<p><img decoding=\"async\" class=\"alignnone wp-image-26945 aligncenter\" src=\"https:\/\/factorialhr.de\/wp-content\/uploads\/2020\/08\/07173944\/lista-300x300.png\" alt=\"\" width=\"147\" height=\"147\" srcset=\"https:\/\/factorialhr.de\/wp-content\/uploads\/2020\/08\/07173944\/lista-300x300.png 300w, https:\/\/factorialhr.de\/wp-content\/uploads\/2020\/08\/07173944\/lista-150x150.png 150w, https:\/\/factorialhr.de\/wp-content\/uploads\/2020\/08\/07173944\/lista.png 512w\" sizes=\"(max-width: 147px) 100vw, 147px\" \/><\/p>\n<p><a href=\"https:\/\/factorialhr.de\/blog\/checkliste-onboarding-prozess\/\"><strong>Onboarding Checkliste<\/strong><\/a><\/td>\n<td style=\"width: 49.9323%; height: 24px;\">&nbsp;<\/p>\n<p><img decoding=\"async\" class=\" wp-image-26965 aligncenter\" src=\"https:\/\/factorialhr.de\/wp-content\/uploads\/2020\/08\/07184302\/lista-1-300x300.png\" alt=\"\" width=\"156\" height=\"156\" srcset=\"https:\/\/factorialhr.de\/wp-content\/uploads\/2020\/08\/07184302\/lista-1-300x300.png 300w, https:\/\/factorialhr.de\/wp-content\/uploads\/2020\/08\/07184302\/lista-1-150x150.png 150w, https:\/\/factorialhr.de\/wp-content\/uploads\/2020\/08\/07184302\/lista-1.png 512w\" sizes=\"(max-width: 156px) 100vw, 156px\" \/><\/p>\n<p style=\"text-align: center;\"><a href=\"https:\/\/factorialhr.de\/blog\/offboarding\/\"><strong>Offboarding Checkliste<\/strong><\/a><\/p>\n<\/td>\n<\/tr>\n<tr style=\"height: 24px;\">\n<td style=\"width: 49.9323%; height: 24px;\">&nbsp;<\/p>\n<p><img decoding=\"async\" class=\"wp-image-26951 aligncenter\" src=\"https:\/\/factorialhr.de\/wp-content\/uploads\/2020\/08\/07175054\/organizacion-300x300.png\" alt=\"\" width=\"159\" height=\"159\" srcset=\"https:\/\/factorialhr.de\/wp-content\/uploads\/2020\/08\/07175054\/organizacion-300x300.png 300w, https:\/\/factorialhr.de\/wp-content\/uploads\/2020\/08\/07175054\/organizacion-150x150.png 150w, https:\/\/factorialhr.de\/wp-content\/uploads\/2020\/08\/07175054\/organizacion.png 512w\" sizes=\"(max-width: 159px) 100vw, 159px\" \/><\/p>\n<p style=\"text-align: center;\"><a href=\"https:\/\/factorialhr.de\/blog\/organigramm-kostenlose-vorlage\/\"><strong>Organigramm Vorlage<\/strong><\/a><\/p>\n<\/td>\n<td style=\"width: 49.9323%; height: 24px;\">&nbsp;<\/p>\n<p><img decoding=\"async\" class=\"wp-image-26952 aligncenter\" src=\"https:\/\/factorialhr.de\/wp-content\/uploads\/2020\/08\/07175131\/reportar-300x300.png\" alt=\"\" width=\"160\" height=\"160\" srcset=\"https:\/\/factorialhr.de\/wp-content\/uploads\/2020\/08\/07175131\/reportar-300x300.png 300w, https:\/\/factorialhr.de\/wp-content\/uploads\/2020\/08\/07175131\/reportar-150x150.png 150w, https:\/\/factorialhr.de\/wp-content\/uploads\/2020\/08\/07175131\/reportar.png 512w\" sizes=\"(max-width: 160px) 100vw, 160px\" \/><\/p>\n<p style=\"text-align: center;\"><a href=\"https:\/\/factorialhr.de\/blog\/laden-sie-hier-ihre-kostenlose-kpi-excel-vorlage-herunter\/\"><strong>Personalkennzahlen Excel Vorlage<\/strong><\/a><\/p>\n<\/td>\n<\/tr>\n<\/tbody>\n<\/table>\n<p><strong>Wollen Sie Ihre wertvolle Zeit nicht l\u00e4nger mit dem Erstellen und Anpassen komplexer Excel-Tabellen verschwenden?<\/strong><\/p>\n<p>Wir haben die L\u00f6sung f\u00fcr Sie! Registrieren Sie sich bei der <a href=\"https:\/\/factorialhr.de\/\">HR-Software von Factorial<\/a> und Sie k\u00f6nnen mit wenigen Klicks die Abwesenheiten und Urlaube Ihrer Mitarbeiter verwalten und alle Arbeitszeiten digital erfassen.<\/p>\n<p><a href=\"https:\/\/factorialhr.de\/\"><img decoding=\"async\" class=\"alignnone wp-image-24064 size-full\" src=\"https:\/\/factorialhr.de\/wp-content\/uploads\/2020\/07\/13182651\/Effiziente-HR-Software.png\" alt=\"HR Software f\u00fcr alle Unternehmen\" width=\"900\" height=\"308\" srcset=\"https:\/\/factorialhr.de\/wp-content\/uploads\/2020\/07\/13182651\/Effiziente-HR-Software.png 900w, https:\/\/factorialhr.de\/wp-content\/uploads\/2020\/07\/13182651\/Effiziente-HR-Software-300x103.png 300w, https:\/\/factorialhr.de\/wp-content\/uploads\/2020\/07\/13182651\/Effiziente-HR-Software-768x263.png 768w\" sizes=\"(max-width: 900px) 100vw, 900px\" \/><\/a><\/p>\n<p>Sie k\u00f6nnen au\u00dferdem alle Arten von Dokumenten, wie zum Beipsiel Vertr\u00e4ge oder Zus\u00e4tze speichern, Dokumente digital unterschreiben und automatisch Gehaltsabrechnungen an Mitarbeiter senden.<\/p>\n<p>&nbsp;<\/p>\n<h2><a href=\"https:\/\/factorialhr.de\/get-started\"><span style=\"color: green;\">Optimieren Sie Ihr Personalmanagement.\ud83d\ude80 Factorial jetzt kostenlos testen<\/span><\/a><\/h2>\n<p>&nbsp;<\/p>\n","protected":false},"excerpt":{"rendered":"<p>Ben\u00f6tigen Sie eine L\u00f6sung zur Verwaltung der Abwesenheiten und Urlaube Ihrer Mitarbeiter? Oder suchen Sie ein Hilfsmittel, das Ihnen hilft, Ihre HR KPIs zu erreichen? Wie auch immer, wir haben f\u00fcr Sie das Richtige. Dieser Abschnitt des Blogs ist allen von uns angebotenen Gratisangeboten und HR-Vorlagen gewidmet. Unser Ziel ist es, Personalmanagern bei der Vereinfachung<a href=\"https:\/\/factorialhr.de\/blog\/hr-templates-vorlagen\/\" class=\"read-more\"> [&#8230;]<\/a><\/p>\n","protected":false},"author":136,"featured_media":0,"parent":0,"menu_order":0,"comment_status":"closed","ping_status":"closed","template":"","meta":{"_acf_changed":false,"footnotes":""},"class_list":["post-26930","page","type-page","status-publish","hentry"],"acf":[],"yoast_head":"<!-- This site is optimized with the Yoast SEO Premium plugin v21.5 (Yoast SEO v21.9.1) - https:\/\/yoast.com\/wordpress\/plugins\/seo\/ -->\n<title>Kostenlose Downloads und HR Vorlagen - Factorial<\/title>\n<meta name=\"description\" content=\"Hier finden Sie anpassbare Vorlagen f\u00fcr das Personalmanagement. Kostenlose Downloads zur Verwaltung von Urlaub, Zeiterfassung, Onboarding und mehr!\" \/>\n<meta name=\"robots\" content=\"index, follow, max-snippet:-1, max-image-preview:large, max-video-preview:-1\" \/>\n<link rel=\"canonical\" href=\"https:\/\/factorialhr.de\/blog\/hr-templates-vorlagen\/\" \/>\n<meta property=\"og:locale\" content=\"de_DE\" \/>\n<meta property=\"og:type\" content=\"article\" \/>\n<meta property=\"og:title\" content=\"Kostenlose Downloads und HR Vorlagen f\u00fcr Ihr Unternehmen\" \/>\n<meta property=\"og:description\" content=\"Hier finden Sie anpassbare Vorlagen f\u00fcr das Personalmanagement. Kostenlose Downloads zur Verwaltung von Urlaub, Zeiterfassung, Onboarding und mehr!\" \/>\n<meta property=\"og:url\" content=\"https:\/\/factorialhr.de\/blog\/hr-templates-vorlagen\/\" \/>\n<meta property=\"og:site_name\" content=\"Factorial\" \/>\n<meta property=\"article:publisher\" content=\"https:\/\/www.facebook.com\/people\/Factorial\/100064908455810\/\" \/>\n<meta property=\"article:modified_time\" content=\"2023-05-18T13:08:31+00:00\" \/>\n<meta property=\"og:image\" content=\"https:\/\/factorialhr.de\/wp-content\/uploads\/\/2020\/08\/manual-300x300.png\" \/>\n<meta name=\"twitter:card\" content=\"summary_large_image\" \/>\n<meta name=\"twitter:site\" content=\"@factorialapp\" \/>\n<meta name=\"twitter:label1\" content=\"Est. reading time\" \/>\n\t<meta name=\"twitter:data1\" content=\"1 Minute\" \/>\n<script type=\"application\/ld+json\" class=\"yoast-schema-graph\">{\"@context\":\"https:\/\/schema.org\",\"@graph\":[{\"@type\":\"WebPage\",\"@id\":\"https:\/\/factorialhr.de\/blog\/hr-templates-vorlagen\/\",\"url\":\"https:\/\/factorialhr.de\/blog\/hr-templates-vorlagen\/\",\"name\":\"Kostenlose Downloads und HR Vorlagen - Factorial\",\"isPartOf\":{\"@id\":\"https:\/\/factorialhr.de\/blog\/#website\"},\"datePublished\":\"2020-08-07T16:31:16+00:00\",\"dateModified\":\"2023-05-18T13:08:31+00:00\",\"description\":\"Hier finden Sie anpassbare Vorlagen f\u00fcr das Personalmanagement. Kostenlose Downloads zur Verwaltung von Urlaub, Zeiterfassung, Onboarding und mehr!\",\"inLanguage\":\"de-DE\",\"potentialAction\":[{\"@type\":\"ReadAction\",\"target\":[\"https:\/\/factorialhr.de\/blog\/hr-templates-vorlagen\/\"]}]},{\"@type\":\"WebSite\",\"@id\":\"https:\/\/factorialhr.de\/blog\/#website\",\"url\":\"https:\/\/factorialhr.de\/blog\/\",\"name\":\"Factorial\",\"description\":\"\",\"publisher\":{\"@id\":\"https:\/\/factorialhr.de\/blog\/#organization\"},\"potentialAction\":[{\"@type\":\"SearchAction\",\"target\":{\"@type\":\"EntryPoint\",\"urlTemplate\":\"https:\/\/factorialhr.de\/blog\/?s={search_term_string}\"},\"query-input\":\"required name=search_term_string\"}],\"inLanguage\":\"de-DE\"},{\"@type\":\"Organization\",\"@id\":\"https:\/\/factorialhr.de\/blog\/#organization\",\"name\":\"All-in-one business management software - Factorial\",\"url\":\"https:\/\/factorialhr.de\/blog\/\",\"logo\":{\"@type\":\"ImageObject\",\"inLanguage\":\"de-DE\",\"@id\":\"https:\/\/factorialhr.de\/blog\/#\/schema\/logo\/image\/\",\"url\":\"https:\/\/factorialhr.de\/wp-content\/uploads\/2023\/07\/18155144\/factorial-logo.png\",\"contentUrl\":\"https:\/\/factorialhr.de\/wp-content\/uploads\/2023\/07\/18155144\/factorial-logo.png\",\"width\":946,\"height\":880,\"caption\":\"All-in-one business management software - Factorial\"},\"image\":{\"@id\":\"https:\/\/factorialhr.de\/blog\/#\/schema\/logo\/image\/\"},\"sameAs\":[\"https:\/\/www.facebook.com\/people\/Factorial\/100064908455810\/\",\"https:\/\/twitter.com\/factorialapp\",\"https:\/\/www.linkedin.com\/company\/factorialhr\",\"https:\/\/www.youtube.com\/@factorialmedia\",\"https:\/\/www.instagram.com\/factorial\/#\"]}]}<\/script>\n<!-- \/ Yoast SEO Premium plugin. -->","yoast_head_json":{"title":"Kostenlose Downloads und HR Vorlagen - Factorial","description":"Hier finden Sie anpassbare Vorlagen f\u00fcr das Personalmanagement. Kostenlose Downloads zur Verwaltung von Urlaub, Zeiterfassung, Onboarding und mehr!","robots":{"index":"index","follow":"follow","max-snippet":"max-snippet:-1","max-image-preview":"max-image-preview:large","max-video-preview":"max-video-preview:-1"},"canonical":"https:\/\/factorialhr.de\/blog\/hr-templates-vorlagen\/","og_locale":"de_DE","og_type":"article","og_title":"Kostenlose Downloads und HR Vorlagen f\u00fcr Ihr Unternehmen","og_description":"Hier finden Sie anpassbare Vorlagen f\u00fcr das Personalmanagement. Kostenlose Downloads zur Verwaltung von Urlaub, Zeiterfassung, Onboarding und mehr!","og_url":"https:\/\/factorialhr.de\/blog\/hr-templates-vorlagen\/","og_site_name":"Factorial","article_publisher":"https:\/\/www.facebook.com\/people\/Factorial\/100064908455810\/","article_modified_time":"2023-05-18T13:08:31+00:00","og_image":[{"url":"https:\/\/factorialhr.de\/wp-content\/uploads\/\/2020\/08\/manual-300x300.png"}],"twitter_card":"summary_large_image","twitter_site":"@factorialapp","twitter_misc":{"Est. reading time":"1 Minute"},"schema":{"@context":"https:\/\/schema.org","@graph":[{"@type":"WebPage","@id":"https:\/\/factorialhr.de\/blog\/hr-templates-vorlagen\/","url":"https:\/\/factorialhr.de\/blog\/hr-templates-vorlagen\/","name":"Kostenlose Downloads und HR Vorlagen - Factorial","isPartOf":{"@id":"https:\/\/factorialhr.de\/blog\/#website"},"datePublished":"2020-08-07T16:31:16+00:00","dateModified":"2023-05-18T13:08:31+00:00","description":"Hier finden Sie anpassbare Vorlagen f\u00fcr das Personalmanagement. Kostenlose Downloads zur Verwaltung von Urlaub, Zeiterfassung, Onboarding und mehr!","inLanguage":"de-DE","potentialAction":[{"@type":"ReadAction","target":["https:\/\/factorialhr.de\/blog\/hr-templates-vorlagen\/"]}]},{"@type":"WebSite","@id":"https:\/\/factorialhr.de\/blog\/#website","url":"https:\/\/factorialhr.de\/blog\/","name":"Factorial","description":"","publisher":{"@id":"https:\/\/factorialhr.de\/blog\/#organization"},"potentialAction":[{"@type":"SearchAction","target":{"@type":"EntryPoint","urlTemplate":"https:\/\/factorialhr.de\/blog\/?s={search_term_string}"},"query-input":"required name=search_term_string"}],"inLanguage":"de-DE"},{"@type":"Organization","@id":"https:\/\/factorialhr.de\/blog\/#organization","name":"All-in-one business management software - Factorial","url":"https:\/\/factorialhr.de\/blog\/","logo":{"@type":"ImageObject","inLanguage":"de-DE","@id":"https:\/\/factorialhr.de\/blog\/#\/schema\/logo\/image\/","url":"https:\/\/factorialhr.de\/wp-content\/uploads\/2023\/07\/18155144\/factorial-logo.png","contentUrl":"https:\/\/factorialhr.de\/wp-content\/uploads\/2023\/07\/18155144\/factorial-logo.png","width":946,"height":880,"caption":"All-in-one business management software - Factorial"},"image":{"@id":"https:\/\/factorialhr.de\/blog\/#\/schema\/logo\/image\/"},"sameAs":["https:\/\/www.facebook.com\/people\/Factorial\/100064908455810\/","https:\/\/twitter.com\/factorialapp","https:\/\/www.linkedin.com\/company\/factorialhr","https:\/\/www.youtube.com\/@factorialmedia","https:\/\/www.instagram.com\/factorial\/#"]}]}},"_links":{"self":[{"href":"https:\/\/factorialhr.de\/blog\/wp-json\/wp\/v2\/pages\/26930"}],"collection":[{"href":"https:\/\/factorialhr.de\/blog\/wp-json\/wp\/v2\/pages"}],"about":[{"href":"https:\/\/factorialhr.de\/blog\/wp-json\/wp\/v2\/types\/page"}],"author":[{"embeddable":true,"href":"https:\/\/factorialhr.de\/blog\/wp-json\/wp\/v2\/users\/136"}],"replies":[{"embeddable":true,"href":"https:\/\/factorialhr.de\/blog\/wp-json\/wp\/v2\/comments?post=26930"}],"version-history":[{"count":18,"href":"https:\/\/factorialhr.de\/blog\/wp-json\/wp\/v2\/pages\/26930\/revisions"}],"predecessor-version":[{"id":28355,"href":"https:\/\/factorialhr.de\/blog\/wp-json\/wp\/v2\/pages\/26930\/revisions\/28355"}],"wp:attachment":[{"href":"https:\/\/factorialhr.de\/blog\/wp-json\/wp\/v2\/media?parent=26930"}],"curies":[{"name":"wp","href":"https:\/\/api.w.org\/{rel}","templated":true}]}}